{"id":139,"date":"2015-01-29T08:49:46","date_gmt":"2015-01-29T08:49:46","guid":{"rendered":"http:\/\/korcula.ch\/de\/?page_id=139"},"modified":"2023-04-18T13:22:42","modified_gmt":"2023-04-18T13:22:42","slug":"tipps","status":"publish","type":"page","link":"https:\/\/korcula.ch\/de\/tipps\/","title":{"rendered":"Tipps"},"content":{"rendered":"<h2>Tipps und Ratschl\u00e4ge f\u00fcr Ihren Aufenthalt auf Korcula<\/h2>\n<p>In Kroatien k\u00f6nnen die \u00fcblichen <strong>220V-Stromstecker (2-Pool)<\/strong> ben\u00fctzt werden. F\u00fcr 3-Pool-Stecker stehen <strong>in jeder Wohnung Steckerkupplungen <\/strong>zur Verf\u00fcgung.<\/p>\n<p>F\u00fcr die Reise nach Kroatien gen\u00fcgt es, wenn Sie einen <strong>PERSONALAUSWEIS<\/strong> oder eine <strong>IDENTIT\u00c4TSKARTE<\/strong> bei sich haben. Sollten Sie <strong>auch nach Bosnien<\/strong> fahren (um z.B. die malerische, vom Schicksal gepr\u00fcfte Stadt Sarajevo oder Mostar zu besuchen), gen\u00fcgen die gleichen Ausweise.<\/p>\n<p>In Kroatien bezahlt man mit <strong>EUROS<\/strong>.<\/p>\n<p><strong>AUF DER INSEL KORCULA BEN\u00d6TIGEN SIE EIN FAHRZEUG<\/strong>, denn \u00f6ffentliche Verkehrsmittel gibt es fast nicht. F\u00fcr eine <strong>Auto- oder Rollermiete auf der Insel <\/strong>kontaktieren Sie fr\u00fchzeitig:<a title=\"mediterano.hr\" href=\"https:\/\/www.mediterano.hr\/rent-a-car\" target=\"_blank\" rel=\"noopener\"> www.mediterano.hr.<\/a> Der Vermieter bringt Ihnen auf Wunsch das Fahrzeug bei Ihrer Ankunft in den Hafen von Vela Luka.<\/p>\n<p>M\u00f6chten Sie schon I<strong>N SPLIT EIN FAHRZEUG MIETEN<\/strong>, werden Sie schon am Flughafen &#8211; oder aber in verschiedenen Rent a car f\u00fcndig.<\/p>\n<p>Kommen Sie <strong>ohne Fahrzeug auf Korcula<\/strong> (Vela Luka) an, haben Sie die M\u00f6glichkeit, vorerst ein <strong>TAXI <\/strong>zu bestellen unter der Nummer <strong>+385 (0)<\/strong><strong>91 \/ 924 21 95<\/strong> (Taxi Petar, Vela Luka), <strong>+385 (0)91 \/ 540 89 20<\/strong> (Taxi Bonaventura, Blato) oder <strong>+385 (0)91 \/ 511 40 96<\/strong> (Taxi Jure, Vela Luka).<\/p>\n<p>Haben Sie Lust, in Ihren Ferien mal ein <strong>BOOT<\/strong> zu <strong>MIETEN<\/strong>? In unserer Nachbarschaft gibt es Bootsvermietungen alles Art. Da kann man auch kurzfristig ein Boot, das keine Lizenz ben\u00f6tigt, oder einen Jetski mieten. St\u00e4rkere Boote ben\u00f6tigen eine Vorreservierung. <a title=\"6 Sportaktivit\u00e4ten auf Korcula\" href=\"https:\/\/korcula.ch\/de\/6-sportaktivitaten-auf-korcula\/\">Informieren k\u00f6nnen Sie sich hier<\/a>.<\/p>\n<p>Falls Sie in Ihren Ferien gerne <strong>Ausfl\u00fcge<\/strong> machen, orientieren wir Sie gerne vor Ort.<\/p>\n","protected":false},"excerpt":{"rendered":"<p>Tipps und Ratschl\u00e4ge f\u00fcr Ihren Aufenthalt auf Korcula In Kroatien k\u00f6nnen die \u00fcblichen 220V-Stromstecker (2-Pool) ben\u00fctzt werden. F\u00fcr 3-Pool-Stecker stehen in jeder Wohnung Steckerkupplungen zur Verf\u00fcgung. F\u00fcr&#8230; <a class=\"moretag\" href=\"https:\/\/korcula.ch\/de\/tipps\/\">Mehr lesen<\/a><\/p>\n","protected":false},"author":1,"featured_media":0,"parent":0,"menu_order":0,"comment_status":"open","ping_status":"open","template":"","meta":{"footnotes":""},"class_list":["post-139","page","type-page","status-publish","hentry"],"_links":{"self":[{"href":"https:\/\/korcula.ch\/de\/wp-json\/wp\/v2\/pages\/139","targetHints":{"allow":["GET"]}}],"collection":[{"href":"https:\/\/korcula.ch\/de\/wp-json\/wp\/v2\/pages"}],"about":[{"href":"https:\/\/korcula.ch\/de\/wp-json\/wp\/v2\/types\/page"}],"author":[{"embeddable":true,"href":"https:\/\/korcula.ch\/de\/wp-json\/wp\/v2\/users\/1"}],"replies":[{"embeddable":true,"href":"https:\/\/korcula.ch\/de\/wp-json\/wp\/v2\/comments?post=139"}],"version-history":[{"count":9,"href":"https:\/\/korcula.ch\/de\/wp-json\/wp\/v2\/pages\/139\/revisions"}],"predecessor-version":[{"id":1581,"href":"https:\/\/korcula.ch\/de\/wp-json\/wp\/v2\/pages\/139\/revisions\/1581"}],"wp:attachment":[{"href":"https:\/\/korcula.ch\/de\/wp-json\/wp\/v2\/media?parent=139"}],"curies":[{"name":"wp","href":"https:\/\/api.w.org\/{rel}","templated":true}]}}