{"id":472,"date":"2015-03-24T09:02:53","date_gmt":"2015-03-24T09:02:53","guid":{"rendered":"http:\/\/korcula.ch\/de\/?page_id=472"},"modified":"2015-04-08T08:48:14","modified_gmt":"2015-04-08T08:48:14","slug":"erholung-pur","status":"publish","type":"page","link":"https:\/\/korcula.ch\/de\/erholung-pur\/","title":{"rendered":"Erholung Pur"},"content":{"rendered":"<p><strong>Wenn Sie \u2013 nach einer Fahrt durch Olivenhaine und Wald \u2013 auf der Anh\u00f6he \u00fcber der ruhigen, malerischen Bucht von Karbuni &#8211; zum ersten Mal die einmalige Sicht auf das Meer und die vorgelagerten Inseln sehen, werden Sie Ihren Alltag los!<\/strong><\/p>\n<p><img loading=\"lazy\" decoding=\"async\" class=\"alignleft wp-image-477 size-full\" src=\"https:\/\/korcula.ch\/de\/wp-content\/uploads\/2015\/03\/P1100565.jpg\" alt=\"P1100565\" width=\"1000\" height=\"563\" srcset=\"https:\/\/korcula.ch\/de\/wp-content\/uploads\/2015\/03\/P1100565.jpg 1000w, https:\/\/korcula.ch\/de\/wp-content\/uploads\/2015\/03\/P1100565-300x169.jpg 300w\" sizes=\"auto, (max-width: 1000px) 100vw, 1000px\" \/><\/p>\n<p>&nbsp;<\/p>\n<h2><strong>Urlaubsfreudensprung<\/strong><\/h2>\n<p><img loading=\"lazy\" decoding=\"async\" class=\"alignleft wp-image-489 size-full\" src=\"https:\/\/korcula.ch\/de\/wp-content\/uploads\/2015\/03\/Urlaubsfreudensprung.jpg\" alt=\"Urlaubsfreudensprung\" width=\"1000\" height=\"750\" srcset=\"https:\/\/korcula.ch\/de\/wp-content\/uploads\/2015\/03\/Urlaubsfreudensprung.jpg 1000w, https:\/\/korcula.ch\/de\/wp-content\/uploads\/2015\/03\/Urlaubsfreudensprung-300x225.jpg 300w\" sizes=\"auto, (max-width: 1000px) 100vw, 1000px\" \/><\/p>\n<p>&nbsp;<\/p>\n<p><strong>Das kristallklare Wasser mit seinen unz\u00e4hligen M\u00f6glichkeiten l\u00e4dt Sie ein, schnell in Ferienstimmung zu kommen. <\/strong><\/p>\n<p><strong>Ob Sie mit Ihrem eigenen Boot anreisen und eine Anlegestelle bei uns ben\u00fctzen, eines unserer Kajaks oder ein Boot mieten, sich mit Schorchel und Taucherbrille die Unterwasserwelt anschauen, ob Sie sich mit einem Glas Wein in unseren Liegen bequem machen und in B\u00fcchern, die in jeder Wohnung stehen, vertiefen oder lustvoll auf die gegen\u00fcberliegende Insel schwimmen \u2013 alles ist bei uns m\u00f6glich!<\/strong><\/p>\n<p>&nbsp;<\/p>\n<h2><strong>Unter dem Wasser<\/strong><\/h2>\n\n\t\t<style type=\"text\/css\">\n\t\t\t#gallery-1 {\n\t\t\t\tmargin: auto;\n\t\t\t}\n\t\t\t#gallery-1 .gallery-item {\n\t\t\t\tfloat: left;\n\t\t\t\tmargin-top: 10px;\n\t\t\t\ttext-align: center;\n\t\t\t\twidth: 33%;\n\t\t\t}\n\t\t\t#gallery-1 img {\n\t\t\t\tborder: 2px solid #cfcfcf;\n\t\t\t}\n\t\t\t#gallery-1 .gallery-caption {\n\t\t\t\tmargin-left: 0;\n\t\t\t}\n\t\t\t\/* see gallery_shortcode() in wp-includes\/media.php *\/\n\t\t<\/style>\n\t\t<div id='gallery-1' class='gallery galleryid-472 gallery-columns-3 gallery-size-thumbnail'><dl class='gallery-item'>\n\t\t\t<dt class='gallery-icon landscape'>\n\t\t\t\t<a href='https:\/\/korcula.ch\/de\/wp-content\/uploads\/2015\/03\/P1100557.jpg'><img loading=\"lazy\" decoding=\"async\" width=\"150\" height=\"150\" src=\"https:\/\/korcula.ch\/de\/wp-content\/uploads\/2015\/03\/P1100557-150x150.jpg\" class=\"attachment-thumbnail size-thumbnail\" alt=\"\" srcset=\"https:\/\/korcula.ch\/de\/wp-content\/uploads\/2015\/03\/P1100557-150x150.jpg 150w, https:\/\/korcula.ch\/de\/wp-content\/uploads\/2015\/03\/P1100557-60x60.jpg 60w, https:\/\/korcula.ch\/de\/wp-content\/uploads\/2015\/03\/P1100557-100x100.jpg 100w\" sizes=\"auto, (max-width: 150px) 100vw, 150px\" \/><\/a>\n\t\t\t<\/dt><\/dl><dl class='gallery-item'>\n\t\t\t<dt class='gallery-icon landscape'>\n\t\t\t\t<a href='https:\/\/korcula.ch\/de\/wp-content\/uploads\/2015\/03\/unter-Wasser-1.jpg'><img loading=\"lazy\" decoding=\"async\" width=\"150\" height=\"150\" src=\"https:\/\/korcula.ch\/de\/wp-content\/uploads\/2015\/03\/unter-Wasser-1-150x150.jpg\" class=\"attachment-thumbnail size-thumbnail\" alt=\"\" srcset=\"https:\/\/korcula.ch\/de\/wp-content\/uploads\/2015\/03\/unter-Wasser-1-150x150.jpg 150w, https:\/\/korcula.ch\/de\/wp-content\/uploads\/2015\/03\/unter-Wasser-1-60x60.jpg 60w, https:\/\/korcula.ch\/de\/wp-content\/uploads\/2015\/03\/unter-Wasser-1-100x100.jpg 100w\" sizes=\"auto, (max-width: 150px) 100vw, 150px\" \/><\/a>\n\t\t\t<\/dt><\/dl><dl class='gallery-item'>\n\t\t\t<dt class='gallery-icon landscape'>\n\t\t\t\t<a href='https:\/\/korcula.ch\/de\/wp-content\/uploads\/2015\/03\/unter-Wasser-2.jpg'><img loading=\"lazy\" decoding=\"async\" width=\"150\" height=\"150\" src=\"https:\/\/korcula.ch\/de\/wp-content\/uploads\/2015\/03\/unter-Wasser-2-150x150.jpg\" class=\"attachment-thumbnail size-thumbnail\" alt=\"\" srcset=\"https:\/\/korcula.ch\/de\/wp-content\/uploads\/2015\/03\/unter-Wasser-2-150x150.jpg 150w, https:\/\/korcula.ch\/de\/wp-content\/uploads\/2015\/03\/unter-Wasser-2-60x60.jpg 60w, https:\/\/korcula.ch\/de\/wp-content\/uploads\/2015\/03\/unter-Wasser-2-100x100.jpg 100w\" sizes=\"auto, (max-width: 150px) 100vw, 150px\" \/><\/a>\n\t\t\t<\/dt><\/dl><br style=\"clear: both\" \/>\n\t\t<\/div>\n\n<p>&nbsp;<\/p>\n<p>&nbsp;<\/p>\n<h2><strong>Auf dem Wasser<\/strong><\/h2>\n\n\t\t<style type=\"text\/css\">\n\t\t\t#gallery-2 {\n\t\t\t\tmargin: auto;\n\t\t\t}\n\t\t\t#gallery-2 .gallery-item {\n\t\t\t\tfloat: left;\n\t\t\t\tmargin-top: 10px;\n\t\t\t\ttext-align: center;\n\t\t\t\twidth: 33%;\n\t\t\t}\n\t\t\t#gallery-2 img {\n\t\t\t\tborder: 2px solid #cfcfcf;\n\t\t\t}\n\t\t\t#gallery-2 .gallery-caption {\n\t\t\t\tmargin-left: 0;\n\t\t\t}\n\t\t\t\/* see gallery_shortcode() in wp-includes\/media.php *\/\n\t\t<\/style>\n\t\t<div id='gallery-2' class='gallery galleryid-472 gallery-columns-3 gallery-size-thumbnail'><dl class='gallery-item'>\n\t\t\t<dt class='gallery-icon landscape'>\n\t\t\t\t<a href='https:\/\/korcula.ch\/de\/wp-content\/uploads\/2015\/03\/P1100503.jpg'><img loading=\"lazy\" decoding=\"async\" width=\"150\" height=\"150\" src=\"https:\/\/korcula.ch\/de\/wp-content\/uploads\/2015\/03\/P1100503-150x150.jpg\" class=\"attachment-thumbnail size-thumbnail\" alt=\"\" srcset=\"https:\/\/korcula.ch\/de\/wp-content\/uploads\/2015\/03\/P1100503-150x150.jpg 150w, https:\/\/korcula.ch\/de\/wp-content\/uploads\/2015\/03\/P1100503-60x60.jpg 60w, https:\/\/korcula.ch\/de\/wp-content\/uploads\/2015\/03\/P1100503-100x100.jpg 100w\" sizes=\"auto, (max-width: 150px) 100vw, 150px\" \/><\/a>\n\t\t\t<\/dt><\/dl><dl class='gallery-item'>\n\t\t\t<dt class='gallery-icon landscape'>\n\t\t\t\t<a href='https:\/\/korcula.ch\/de\/wp-content\/uploads\/2015\/03\/DSCN10541.jpg'><img loading=\"lazy\" decoding=\"async\" width=\"150\" height=\"150\" src=\"https:\/\/korcula.ch\/de\/wp-content\/uploads\/2015\/03\/DSCN10541-150x150.jpg\" class=\"attachment-thumbnail size-thumbnail\" alt=\"\" srcset=\"https:\/\/korcula.ch\/de\/wp-content\/uploads\/2015\/03\/DSCN10541-150x150.jpg 150w, https:\/\/korcula.ch\/de\/wp-content\/uploads\/2015\/03\/DSCN10541-60x60.jpg 60w, https:\/\/korcula.ch\/de\/wp-content\/uploads\/2015\/03\/DSCN10541-100x100.jpg 100w\" sizes=\"auto, (max-width: 150px) 100vw, 150px\" \/><\/a>\n\t\t\t<\/dt><\/dl>\n\t\t\t<br style='clear: both' \/>\n\t\t<\/div>\n\n<h2><\/h2>\n<h2><strong>Am Wasser<\/strong><\/h2>\n\n\t\t<style type=\"text\/css\">\n\t\t\t#gallery-3 {\n\t\t\t\tmargin: auto;\n\t\t\t}\n\t\t\t#gallery-3 .gallery-item {\n\t\t\t\tfloat: left;\n\t\t\t\tmargin-top: 10px;\n\t\t\t\ttext-align: center;\n\t\t\t\twidth: 33%;\n\t\t\t}\n\t\t\t#gallery-3 img {\n\t\t\t\tborder: 2px solid #cfcfcf;\n\t\t\t}\n\t\t\t#gallery-3 .gallery-caption {\n\t\t\t\tmargin-left: 0;\n\t\t\t}\n\t\t\t\/* see gallery_shortcode() in wp-includes\/media.php *\/\n\t\t<\/style>\n\t\t<div id='gallery-3' class='gallery galleryid-472 gallery-columns-3 gallery-size-thumbnail'><dl class='gallery-item'>\n\t\t\t<dt class='gallery-icon landscape'>\n\t\t\t\t<a href='https:\/\/korcula.ch\/de\/wp-content\/uploads\/2015\/03\/DSC00623.jpg'><img loading=\"lazy\" decoding=\"async\" width=\"150\" height=\"150\" src=\"https:\/\/korcula.ch\/de\/wp-content\/uploads\/2015\/03\/DSC00623-150x150.jpg\" class=\"attachment-thumbnail size-thumbnail\" alt=\"\" srcset=\"https:\/\/korcula.ch\/de\/wp-content\/uploads\/2015\/03\/DSC00623-150x150.jpg 150w, https:\/\/korcula.ch\/de\/wp-content\/uploads\/2015\/03\/DSC00623-60x60.jpg 60w, https:\/\/korcula.ch\/de\/wp-content\/uploads\/2015\/03\/DSC00623-100x100.jpg 100w\" sizes=\"auto, (max-width: 150px) 100vw, 150px\" \/><\/a>\n\t\t\t<\/dt><\/dl><dl class='gallery-item'>\n\t\t\t<dt class='gallery-icon landscape'>\n\t\t\t\t<a href='https:\/\/korcula.ch\/de\/wp-content\/uploads\/2015\/03\/P1020952.jpg'><img loading=\"lazy\" decoding=\"async\" width=\"150\" height=\"150\" src=\"https:\/\/korcula.ch\/de\/wp-content\/uploads\/2015\/03\/P1020952-150x150.jpg\" class=\"attachment-thumbnail size-thumbnail\" alt=\"\" srcset=\"https:\/\/korcula.ch\/de\/wp-content\/uploads\/2015\/03\/P1020952-150x150.jpg 150w, https:\/\/korcula.ch\/de\/wp-content\/uploads\/2015\/03\/P1020952-60x60.jpg 60w, https:\/\/korcula.ch\/de\/wp-content\/uploads\/2015\/03\/P1020952-100x100.jpg 100w\" sizes=\"auto, (max-width: 150px) 100vw, 150px\" \/><\/a>\n\t\t\t<\/dt><\/dl><dl class='gallery-item'>\n\t\t\t<dt class='gallery-icon landscape'>\n\t\t\t\t<a href='https:\/\/korcula.ch\/de\/wp-content\/uploads\/2015\/03\/DSC09635.jpg'><img loading=\"lazy\" decoding=\"async\" width=\"150\" height=\"150\" src=\"https:\/\/korcula.ch\/de\/wp-content\/uploads\/2015\/03\/DSC09635-150x150.jpg\" class=\"attachment-thumbnail size-thumbnail\" alt=\"\" srcset=\"https:\/\/korcula.ch\/de\/wp-content\/uploads\/2015\/03\/DSC09635-150x150.jpg 150w, https:\/\/korcula.ch\/de\/wp-content\/uploads\/2015\/03\/DSC09635-60x60.jpg 60w, https:\/\/korcula.ch\/de\/wp-content\/uploads\/2015\/03\/DSC09635-100x100.jpg 100w\" sizes=\"auto, (max-width: 150px) 100vw, 150px\" \/><\/a>\n\t\t\t<\/dt><\/dl><br style=\"clear: both\" \/><dl class='gallery-item'>\n\t\t\t<dt class='gallery-icon portrait'>\n\t\t\t\t<a href='https:\/\/korcula.ch\/de\/wp-content\/uploads\/2015\/03\/IMG_1751.jpg'><img loading=\"lazy\" decoding=\"async\" width=\"150\" height=\"150\" src=\"https:\/\/korcula.ch\/de\/wp-content\/uploads\/2015\/03\/IMG_1751-150x150.jpg\" class=\"attachment-thumbnail size-thumbnail\" alt=\"\" srcset=\"https:\/\/korcula.ch\/de\/wp-content\/uploads\/2015\/03\/IMG_1751-150x150.jpg 150w, https:\/\/korcula.ch\/de\/wp-content\/uploads\/2015\/03\/IMG_1751-60x60.jpg 60w, https:\/\/korcula.ch\/de\/wp-content\/uploads\/2015\/03\/IMG_1751-100x100.jpg 100w\" sizes=\"auto, (max-width: 150px) 100vw, 150px\" \/><\/a>\n\t\t\t<\/dt><\/dl>\n\t\t\t<br style='clear: both' \/>\n\t\t<\/div>\n\n<p><strong>Zur Erholung pur geh\u00f6rt auch das Wissen und die Sicherheit, dass Ihre Kinder ohne Bedenken alleine am Strand und im Umkreis der H\u00e4user spielen k\u00f6nnen. Unsere Umgebung wird kaum befahren, da wir an einer Sackgasse liegen.<\/strong><span style=\"line-height: 1.5;\">\u00a0<\/span><\/p>\n<p><img loading=\"lazy\" decoding=\"async\" class=\"alignleft wp-image-481 size-full\" src=\"https:\/\/korcula.ch\/de\/wp-content\/uploads\/2015\/03\/IMGP1715.jpg\" alt=\"IMGP1715\" width=\"1000\" height=\"748\" srcset=\"https:\/\/korcula.ch\/de\/wp-content\/uploads\/2015\/03\/IMGP1715.jpg 1000w, https:\/\/korcula.ch\/de\/wp-content\/uploads\/2015\/03\/IMGP1715-300x224.jpg 300w\" sizes=\"auto, (max-width: 1000px) 100vw, 1000px\" \/><\/p>\n<p>&nbsp;<\/p>\n<p><strong>Wissen Sie, dass die Insel Korcula auch in den kalten Monaten f\u00fcr uns West-Mitteleurop\u00e4erInnen sehr attraktiv sein kann? Selber kommen wir seit 15 Jahren auch im Winter und Fr\u00fchling in unser Paradies und lassen uns durch die einzigartig bunten Farben der Natur und das milde Klima ohne Nebel verf\u00fchren.<\/strong><\/p>\n<p><strong>Mit einem Rucksack am R\u00fccken oder auf einer Tour mit dem Fahrrad vergessen Sie den d\u00fcsteren Alltag Ihres Arbeitslebens.<\/strong><\/p>\n\n\t\t<style type=\"text\/css\">\n\t\t\t#gallery-4 {\n\t\t\t\tmargin: auto;\n\t\t\t}\n\t\t\t#gallery-4 .gallery-item {\n\t\t\t\tfloat: left;\n\t\t\t\tmargin-top: 10px;\n\t\t\t\ttext-align: center;\n\t\t\t\twidth: 33%;\n\t\t\t}\n\t\t\t#gallery-4 img {\n\t\t\t\tborder: 2px solid #cfcfcf;\n\t\t\t}\n\t\t\t#gallery-4 .gallery-caption {\n\t\t\t\tmargin-left: 0;\n\t\t\t}\n\t\t\t\/* see gallery_shortcode() in wp-includes\/media.php *\/\n\t\t<\/style>\n\t\t<div id='gallery-4' class='gallery galleryid-472 gallery-columns-3 gallery-size-thumbnail'><dl class='gallery-item'>\n\t\t\t<dt class='gallery-icon portrait'>\n\t\t\t\t<a href='https:\/\/korcula.ch\/de\/wp-content\/uploads\/2015\/03\/DSC01853.jpg'><img loading=\"lazy\" decoding=\"async\" width=\"150\" height=\"150\" src=\"https:\/\/korcula.ch\/de\/wp-content\/uploads\/2015\/03\/DSC01853-150x150.jpg\" class=\"attachment-thumbnail size-thumbnail\" alt=\"\" srcset=\"https:\/\/korcula.ch\/de\/wp-content\/uploads\/2015\/03\/DSC01853-150x150.jpg 150w, https:\/\/korcula.ch\/de\/wp-content\/uploads\/2015\/03\/DSC01853-60x60.jpg 60w, https:\/\/korcula.ch\/de\/wp-content\/uploads\/2015\/03\/DSC01853-100x100.jpg 100w\" sizes=\"auto, (max-width: 150px) 100vw, 150px\" \/><\/a>\n\t\t\t<\/dt><\/dl><dl class='gallery-item'>\n\t\t\t<dt class='gallery-icon portrait'>\n\t\t\t\t<a href='https:\/\/korcula.ch\/de\/wp-content\/uploads\/2015\/03\/P83000041.jpg'><img loading=\"lazy\" decoding=\"async\" width=\"150\" height=\"150\" src=\"https:\/\/korcula.ch\/de\/wp-content\/uploads\/2015\/03\/P83000041-150x150.jpg\" class=\"attachment-thumbnail size-thumbnail\" alt=\"\" srcset=\"https:\/\/korcula.ch\/de\/wp-content\/uploads\/2015\/03\/P83000041-150x150.jpg 150w, https:\/\/korcula.ch\/de\/wp-content\/uploads\/2015\/03\/P83000041-60x60.jpg 60w, https:\/\/korcula.ch\/de\/wp-content\/uploads\/2015\/03\/P83000041-100x100.jpg 100w\" sizes=\"auto, (max-width: 150px) 100vw, 150px\" \/><\/a>\n\t\t\t<\/dt><\/dl><dl class='gallery-item'>\n\t\t\t<dt class='gallery-icon portrait'>\n\t\t\t\t<a href='https:\/\/korcula.ch\/de\/wp-content\/uploads\/2015\/03\/DSC01302.jpg'><img loading=\"lazy\" decoding=\"async\" width=\"150\" height=\"150\" src=\"https:\/\/korcula.ch\/de\/wp-content\/uploads\/2015\/03\/DSC01302-150x150.jpg\" class=\"attachment-thumbnail size-thumbnail\" alt=\"\" srcset=\"https:\/\/korcula.ch\/de\/wp-content\/uploads\/2015\/03\/DSC01302-150x150.jpg 150w, https:\/\/korcula.ch\/de\/wp-content\/uploads\/2015\/03\/DSC01302-60x60.jpg 60w, https:\/\/korcula.ch\/de\/wp-content\/uploads\/2015\/03\/DSC01302-100x100.jpg 100w\" sizes=\"auto, (max-width: 150px) 100vw, 150px\" \/><\/a>\n\t\t\t<\/dt><\/dl><br style=\"clear: both\" \/>\n\t\t<\/div>\n\n<p>&nbsp;<\/p>\n","protected":false},"excerpt":{"rendered":"<p>Wenn Sie \u2013 nach einer Fahrt durch Olivenhaine und Wald \u2013 auf der Anh\u00f6he \u00fcber der ruhigen, malerischen Bucht von Karbuni &#8211; zum ersten Mal die einmalige&#8230; <a class=\"moretag\" href=\"https:\/\/korcula.ch\/de\/erholung-pur\/\">Mehr lesen<\/a><\/p>\n","protected":false},"author":1,"featured_media":0,"parent":0,"menu_order":0,"comment_status":"open","ping_status":"open","template":"","meta":{"footnotes":""},"class_list":["post-472","page","type-page","status-publish","hentry"],"_links":{"self":[{"href":"https:\/\/korcula.ch\/de\/wp-json\/wp\/v2\/pages\/472","targetHints":{"allow":["GET"]}}],"collection":[{"href":"https:\/\/korcula.ch\/de\/wp-json\/wp\/v2\/pages"}],"about":[{"href":"https:\/\/korcula.ch\/de\/wp-json\/wp\/v2\/types\/page"}],"author":[{"embeddable":true,"href":"https:\/\/korcula.ch\/de\/wp-json\/wp\/v2\/users\/1"}],"replies":[{"embeddable":true,"href":"https:\/\/korcula.ch\/de\/wp-json\/wp\/v2\/comments?post=472"}],"version-history":[{"count":7,"href":"https:\/\/korcula.ch\/de\/wp-json\/wp\/v2\/pages\/472\/revisions"}],"predecessor-version":[{"id":599,"href":"https:\/\/korcula.ch\/de\/wp-json\/wp\/v2\/pages\/472\/revisions\/599"}],"wp:attachment":[{"href":"https:\/\/korcula.ch\/de\/wp-json\/wp\/v2\/media?parent=472"}],"curies":[{"name":"wp","href":"https:\/\/api.w.org\/{rel}","templated":true}]}}