{"id":503,"date":"2015-03-24T09:15:40","date_gmt":"2015-03-24T09:15:40","guid":{"rendered":"http:\/\/korcula.ch\/de\/?page_id=503"},"modified":"2019-08-23T14:11:16","modified_gmt":"2019-08-23T14:11:16","slug":"viele-zufriedene-gaste","status":"publish","type":"page","link":"https:\/\/korcula.ch\/de\/viele-zufriedene-gaste\/","title":{"rendered":"Viele zufriedene G\u00e4ste"},"content":{"rendered":"<h2>Statements unserer zahlreichen G\u00e4ste<\/h2>\n<blockquote><p>&#8222;Die Bucht von Karbuni, in der sich das Appartement befindet, ist ohne jeden Zweifel eine der sch\u00f6nsten, wenn nicht sogar die sch\u00f6nste auf Kor\u010dula. So ein kristallklares Wasser habe ich pers\u00f6nlich noch nirgendwo sonst erlebt. In unseren Sommerurlauben ist es uns immer sehr wichtig, am Aufenthaltsort gut und ausgiebig schwimmen zu k\u00f6nnen. Hier war es absolut perfekt! Auch die Ausfl\u00fcge mit Kajaks waren wunderbar. Sozusagen direkt &#8222;vor der Haust\u00fcr&#8220; liegen einige nette kleine Inseln, zu denen man paddeln kann. Bei Marina und Steffi wohnt man in v\u00f6lliger Abgeschiedenheit, genie\u00dft die wundersch\u00f6ne Natur, hat aber dennoch den Komfort einer modernen, super ausgestatteten Wohnung, in der man sich sehr wohl f\u00fchlen kann. Die beiden sind sehr nette Gastgeberinnen, die sich pers\u00f6nlich um das Wohl ihrer G\u00e4ste k\u00fcmmern. Vielen Dank, wir kommen gerne wieder!&#8220;<\/p><\/blockquote>\n<p>Alla aus Bremen<\/p>\n<hr \/>\n<blockquote><p>&#8222;Wir + Hund waren vom 11.09.-25.09.10 die gl\u00fccklichen G\u00e4ste von Steffi und Marina. Uns hat an nichts gefehlt! Die Wohnung war sehr sch\u00f6n und modern eingerichtet und sehr sauber! Die Lage des Hauses ist klasse,so hatten wir einen Traumhaften Ausblick auf das Meer und die Landschaft von Karbuni! Wir hatten einen sehr Erholsamen Urlaub! Wir haben es uns sch\u00f6n vorgestellt, aber in Wirklichkeit war es traumhaft sch\u00f6n! Also wer einen erholsamen und sch\u00f6nen Urlaub haben m\u00f6chte ist bei Steffi und Marina auf Korcula bestens aufgehoben! Und wir fahren Aufjedenfall noch mal hin, bis dahin liebe Gr\u00fc\u00dfe&#8220;<\/p><\/blockquote>\n<p>Vera, Okan &amp; Ares =)<\/p>\n<hr \/>\n<blockquote><p>&#8222;Wir kennen Steffi und Marina schon seit l\u00e4ngerem und sie haben immer von Kroatien geschw\u00e4rmt. Nun haben wir eine Schnupperwoche in der modern eingerichteten Wohnung im Haus Sasa gemacht. Wir sind immer noch vom atemberaubenden Ambiente begeistert und sind sicher, dass wir wiedermal in Karbuni vorbeischauen. Dann sicher l\u00e4nger als nur eine Woche, weil Dalmatien mehr bietet als man in einer Woche anschauen kann.&#8220;<\/p><\/blockquote>\n<p>Andrea und Rolf<\/p>\n<hr \/>\n<blockquote><p>&#8222;Due persone splendide vi accoglieranno con gentilezza e disponibilit? in un appartamento nuovo e dotato di ogni comfort, in una cornice naturale da sogno. La vista sul mare dal balcone vi regaler? tramonti indimenticabili e cene scandite solo dal suono del mare. Un luogo perfetto per chi ama la natura, il mare ed il relax.&#8220;<\/p><\/blockquote>\n<p>Marcello Mossa e Angela, Bari<\/p>\n<hr \/>\n<blockquote><p>&#8222;Steffi and Marina&#8217;s apartments offer modern, well equipped, self catering accommodation that is spotlessly clean. The location is very quiet and out of the way, and the views fantastic!&#8220;<\/p><\/blockquote>\n<p>Adam, Claire and Zoe, Hove, UK<\/p>\n<hr \/>\n<blockquote><p>&#8222;Une semaine de r\u00eave sur l&#8217;\u00eele de Korcula<br \/>\nNous avons pris cette location apr\u00e8s l&#8217;avoir d\u00e9couverte par hasard en surfant sur le net, et nous n&#8217;avons pas \u00e9t\u00e9 d\u00e9\u00e7us. Plut\u00f4t tr\u00e8s agr\u00e9ablement satisfaits.<br \/>\nMarina et Steffi, les deux propri\u00e9taires attentionn\u00e9es, qui soit dit au passage parlent chacune minimum 4 langues dont le fran\u00e7ais, mettent \u00e0 disposition des appartements tout confort irr\u00e9prochables, tr\u00e8s bien pens\u00e9s, calmes et tr\u00e8s agr\u00e9ables \u00e0 vivre. Les balcons donnent directement sur la mer, avec une vue \u00e0 couper le souffle. Tout est pens\u00e9 pour votre bien \u00eatre dans la propri\u00e9t\u00e9, et Steffi et Marina sont \u00e0 l&#8217;\u00e9coute pour r\u00e9pondre \u00e0 vos attentes. On peut m\u00eame s&#8217;approvisionner en vin et huile aupr\u00e8s des voisins!<br \/>\nL&#8217;\u00eele est propice \u00e0 de nombreuses et vari\u00e9es escapades, mais la zone de baignade priv\u00e9e avec ses chaises longues sous les pins risque fort de devenir votre destination principale!<br \/>\nC&#8217;est s\u00fbr, nous retournerons nous ressourcer \u00e0 Karbuni chez Marina et Steffi.&#8220;<\/p><\/blockquote>\n<hr \/>\n<blockquote><p>&#8222;Wir, ein Paar, 29 und 32 Jahre, waren 3 Wochen im gro\u00dfen Studio und haben es sehr genossen. Um ehrlich zu sein, kann ich mich nicht erinnern, wann ich das letzte Mal nach dem Sommerurlaub so entspannt war. Es gibt nichts, was es dort nicht gibt, um einen fantastischen Urlaub zu haben: tolle Gastfreundschaft der Besitzerinnen Marina und Steffi, die einem immer gute Tipps haben und helfen,<br \/>\nsehr sch\u00f6n gestalteten Badeplatz mit Schattenpl\u00e4tzen und tollem Blick auf die gg\u00fc.liegende Insel, supereingerichtete Wohnung, in der es an nichts fehlt (das wirklich Einzige, was mir einfallen w\u00fcrde, w\u00e4re die Knoblauchpresse, ohne die man sehr gut leben kann), sch\u00f6ne Ausflugsziele auf der Insel und dem Festland, originelle Restauraunts mit gutem bis sehr gutem Essen zu sehr gutem Presi-Leistungsverh\u00e4ltnis, fantastische Landschaft auf der Insel, die zum Radfahren und Wandern einl\u00e4dt (wir haben jedoch nur Spazierg\u00e4nge gemacht ;-)), super Wetter, das es erm\u00f6glicht, die N\u00e4chte unter dem Sternenhimmel auf dem Balkon zu verbringen &#8211; ja mehr f\u00e4llt mir gerade nicht ein, nur dass es einfach supersch\u00f6ne drei Wochen mit einem sensationellem Erholungsfaktor waren.<br \/>\nFalls man nach Dubrovnik f\u00e4hrt, unbedingt rechtzeitig zur\u00fcckfahren und in das Restauraunt in Mali Ston gehen &#8211; wirklich toll. F\u00fcr Leute, die Austern m\u00f6gen, ein Muss ( glaube ich).<br \/>\nVielen, vielen Dank f\u00fcr die sch\u00f6ne Zeit bei euch!&#8220;<\/p><\/blockquote>\n<p>Markus &amp; Ilaria<\/p>\n<hr \/>\n<blockquote><p>&#8222;Traumhaft sch\u00f6ne zwei Wochen verbrachten wir in einer wundervollen Idylle. Auch unser kleiner Hund war herzlich willkommen. F\u00fcr Menschen die Ruhe und Erholung suchen, sind Steffi und Marinas Wohnungen eine Top Adresse! Eine modern und ansprechende Einrichtung mit allem Zweckm\u00e4\u00dfigen ausgestattet, lie\u00dfen uns unseren Stress vom Alltag v\u00f6llig vergessen. Auch stehen die beiden jederzeit mit Rat und Tat zur Seite. Nicht zu vergessen sind die gepflegten Liegem\u00f6glichkeiten am Meer mit Sonnensegel und Strandliegen. Selbst die Kr\u00e4uter im Garten durften wir mit benutzen, ebenso steht zu jedem Objekt ein Kamin-Grill zur Verf\u00fcgung.<br \/>\nOhne Einschr\u00e4nkung k\u00f6nnen wir das Appartement weiter empfehlen.<br \/>\nHeute Abend sitzen wie gerade bei einer Flasche Rotwein von den Nachbarn Fanni und Max und m\u00f6chten uns auf diesem Weg nochmals f\u00fcr die sch\u00f6nen Tage bedanken.<br \/>\nHerzlichen Dank f\u00fcr die Dalmatinische Platte zur Begr\u00fc\u00dfung und den wundersch\u00f6nen Abend bei Euch!!!<br \/>\nLiebe Gr\u00fc\u00dfe aus dem kalten Deutschland sagen&#8220;<\/p><\/blockquote>\n<p>Jens und Brigitte mit Hund Lacky<\/p>\n<hr \/>\n<blockquote><p>&#8222;Liebe Urlaubssuchenden,<br \/>\nwer Liebensw\u00fcrdigkeit, unbeschreiblich sch\u00f6ne Landschaften, freundliche Aufnahme, Sauberkeit, Abstand von Hektik und Kommerz, einen Traum von Meer, Erholung, perfekte Gastgeberinnen (und wir k\u00f6nnten die Liste endlos ausdehnen) sucht und hier nicht bucht ist selbst schuld;-)!!<br \/>\nNach einem sehr stressigen Jahr haben wir (Familie mit zwei Kids) uns nach Karbuni aufgemacht und was sollen wir sagen -wir haben ein Paradis entdeckt! Die Landschaften auf dieser Insel sind unglaublich und die beiden Gastgeberinnen sind nicht minder unglaublich im allerbesten Sinn. Da wir gar nicht alles schreiben k\u00f6nnen, was an Positivem zu berichten w\u00e4re k\u00f6nnen wir Ihnen nur von Herzen raten es selbst zu erleben. Wir kamen auch \u00fcber die vielen guten Bewertungen auf dieser Seite auf Steffi und Marina und sind daher allen dankbar, die diese geschrieben haben -so wie Sie uns nach einem Aufenthalt dort auch dankbar sein werden! Wir sind gestern zur\u00fcck in Stuttgart angekommen und es hallt alles Erlebte noch in uns nach\u2026 Marina und Steffi -ihr und das was ihr geschaffen habt ist einfach nur Weltklasse! \u00dcbrigens: wir buchen gleich f\u00fcr\u00b4s n\u00e4chste Jahr!&#8220;<\/p><\/blockquote>\n<p>To.Be.<\/p>\n<hr \/>\n<blockquote><p>&#8222;Wir haben uns von der ersten bis zur letzten Minute sehr wohl und willkommen gef\u00fchlt! Die ganze Wohnung ist einfach perfekt, sehr liebevoll eingerichtet und auch die restliche Infrastruktur (Waschmaschine, Strandm\u00f6bel, Aussengrill) ist ideal. Besonders grossartig sind aber die Gastgeberinnen &#8211; wir haben euch wirklich einen unvergesslichen Urlaub zu verdanken und freuen uns auf ein Wiedersehen!&#8220;<\/p><\/blockquote>\n<p>M.AR.<\/p>\n<hr \/>\n<blockquote><p>&#8222;Wir verbrachten einen wundersch\u00f6nen und unvergesslichen Urlaub auf Korcula! Bewohnt haben wir (drei Erwachsene und zwei Kinder) die 4-Zimmerwohnung, es war alles, wie auf der Seite beschrieben, vorhanden. Ausreichend Platz um sich auszubreiten und ein wundersch\u00f6ner gro\u00dfer Balkon mit fantastischem Meerblick. Man musste gar nicht ans Meer runtergehen &#8211; nur am Balkon zu sitzen war Urlaubsfeeling pur. Alles war supersauber und tiptop in Schuss gehalten, und wenn einem der eigene Lesestoff zu Ende geht &#8211; es sind genug interessante B\u00fccher in der Wohnung vorhanden. Den Strand bzw. das Badeplateau erreicht man \u00fcber ein paar Treppen abw\u00e4rts, es stehen genug Liegen und sonnige sowie schattige Pl\u00e4tze zur Verf\u00fcgung. Wir haben uns dort sehr wohl gef\u00fchlt.<br \/>\nAber das Allerbeste kommt zum Schluss:<br \/>\nDie Vermieterinnen Steffi und Marina sind einfach wundervoll. Man wird schon bei der Anreise so herzlich begr\u00fcsst und f\u00fchlt sich dementsprechend dann gleich wie zu Hause. Die beiden sind aufmerksam, hilfsbereit und sehr herzlich. F\u00fcr uns ging nicht nur ein Urlaub zu Ende &#8211; sondern eine wunderbare Zeit mit zwei besonderen Menschen. Vielen Dank daf\u00fcr!<br \/>\nWir kommen auf alle F\u00e4lle wieder &#8211; denn es ist, wie bereits geschrieben, ein &#8222;Nachhausekommen&#8220;<\/p><\/blockquote>\n<p>Kr ist ina<\/p>\n<hr \/>\n<blockquote><p>&#8222;Ein Paradies im Paradies haben Steffi und Marina hier geschaffen.<br \/>\nWer hier einmal gelandet ist, wird sich wo anders kaum mehr wohlf\u00fchlen.<br \/>\nHier ist alles blitze blank und die Gastgeberinnen sind so herzlich und immer gut gelaunt. F\u00fcr alle Anliegen ihrer G\u00e4ste haben sie immer ein offenes Ohr und stehen gerne mit Rat und Tat zur Seite. Noch nie hatten wir eine so sch\u00f6ne und traumhafte Unterkunft!<br \/>\nEs ist alles genauso, wie es angepriesen wird, doch die Bilder k\u00f6nnen die gesamte Sch\u00f6nheit nicht wieder spiegeln. Man muss es schon mit eigenen Augen sehen.<br \/>\nGleich nebenan, bei Max und Fanni, gibt es wundervollen Wein und hervorragendes Oliven\u00f6l.<br \/>\nAuch gibt es ganz in der N\u00e4he direkt am Meer gelegen ein kleines, liebevoll gef\u00fchrtes Restaurant, in dem man sehr gut essen kann.Es ist zu Fu\u00df erreichbar.<br \/>\nVela Luka und Blato sind auch nicht weit, dort bekommt man alles, was man braucht.<br \/>\nWir kommen bestimmt wieder, auch wenn der Weg dorthin so weit ist.<br \/>\nMan kann sich hier so wundervoll vom Alltag erholen und die Seele einfach baumeln lassen!<br \/>\nHerzlichen Dank Euch beiden, Marina und Steffi, es war wirklich wundervoll bei Euch!<br \/>\nLiebe Gr\u00fc\u00dfe aus Augsburg!&#8220;<\/p><\/blockquote>\n<p>Brigitte E.<\/p>\n<hr \/>\n<blockquote><p>&#8222;Wir hatten einen traumhaft entspannenden Urlaub in Karbuni dank der Unterbringung bei Marina und Steffi. Die Wohnungen sind sehr liebevoll und gepflegt eingerichtet. Der Blick auf das Meer von der Terrasse der Wohnung war jeden Abend ein Genuss. Ein paar Stufen von der Wohnung entfernt befindet sich ein eigener Badeplatz. Wir wollten eigentlich die Buchten der Insel erkunden, haben uns aber am Meer in Karbuni so wohl gef\u00fchlt, dass wir keine Lust mehr dazu hatten. Wer sich wirklich entspannen und ein paar Tage komplett abschalten m\u00f6chte, ist hier genau richtig. Danke nochmals Euch beiden f\u00fcr eine wundersch\u00f6ne Woche. Wir freuen uns schon auf n\u00e4chstes Jahr. Liebe Gr\u00fc\u00dfe an Euch beide.&#8220;<\/p><\/blockquote>\n<p>Dani, Katharina und Herbert<\/p>\n<hr \/>\n<blockquote><p>&#8222;Es war ein wundersch\u00f6ner Urlaub und wir haben uns in dem bezaubernden Apartment mit der sch\u00f6nen Sonnenterrasse mit Blick auf das Meer in besonderem Ma\u00dfe wohlgef\u00fchlt. Das Apartment enthielt alles, wirklich alles, was man zum Leben und Geniessen braucht. Der hauseigene Badeplatz war idyllisch, super gepflegt und eine Oase der Ruhe.<br \/>\nAll das wurde unterstichen durch die grenzenlos herzliche Gastfreundschaft und Hilfsbereitschaft der Besitzerinnen.<br \/>\n100 von 100 Sternen!!!!!!!!!!!!!!!!!!!!!!!&#8220;<\/p><\/blockquote>\n<p>Anonymous<\/p>\n","protected":false},"excerpt":{"rendered":"<p>Statements unserer zahlreichen G\u00e4ste &#8222;Die Bucht von Karbuni, in der sich das Appartement befindet, ist ohne jeden Zweifel eine der sch\u00f6nsten, wenn nicht sogar die sch\u00f6nste auf&#8230; <a class=\"moretag\" href=\"https:\/\/korcula.ch\/de\/viele-zufriedene-gaste\/\">Mehr lesen<\/a><\/p>\n","protected":false},"author":1,"featured_media":0,"parent":0,"menu_order":0,"comment_status":"open","ping_status":"open","template":"","meta":{"footnotes":""},"class_list":["post-503","page","type-page","status-publish","hentry"],"_links":{"self":[{"href":"https:\/\/korcula.ch\/de\/wp-json\/wp\/v2\/pages\/503","targetHints":{"allow":["GET"]}}],"collection":[{"href":"https:\/\/korcula.ch\/de\/wp-json\/wp\/v2\/pages"}],"about":[{"href":"https:\/\/korcula.ch\/de\/wp-json\/wp\/v2\/types\/page"}],"author":[{"embeddable":true,"href":"https:\/\/korcula.ch\/de\/wp-json\/wp\/v2\/users\/1"}],"replies":[{"embeddable":true,"href":"https:\/\/korcula.ch\/de\/wp-json\/wp\/v2\/comments?post=503"}],"version-history":[{"count":6,"href":"https:\/\/korcula.ch\/de\/wp-json\/wp\/v2\/pages\/503\/revisions"}],"predecessor-version":[{"id":909,"href":"https:\/\/korcula.ch\/de\/wp-json\/wp\/v2\/pages\/503\/revisions\/909"}],"wp:attachment":[{"href":"https:\/\/korcula.ch\/de\/wp-json\/wp\/v2\/media?parent=503"}],"curies":[{"name":"wp","href":"https:\/\/api.w.org\/{rel}","templated":true}]}}