{"id":52,"date":"2015-01-16T13:12:42","date_gmt":"2015-01-16T13:12:42","guid":{"rendered":"http:\/\/korcula.ch\/de\/contact-us\/"},"modified":"2015-03-24T09:47:28","modified_gmt":"2015-03-24T09:47:28","slug":"gastgeberinnen","status":"publish","type":"page","link":"https:\/\/korcula.ch\/de\/gastgeberinnen\/","title":{"rendered":"Gastgeberinnen"},"content":{"rendered":"<p>Wir zwei, Steffi und Marina, eine Schweizerisch-Kroatische Kombination, sind ein Garant f\u00fcr unvergesslich gelungene Ferien.\u00a0Wenn Sie hilfsbereite, nette, charmante Gastgeberinnen suchen, dann sind Sie am richtigen Ort bei uns.<\/p>\n<p>Ob Mann oder Frau, Kind oder Hund, man f\u00fchlt sich bei uns wohl und sehr willkommen!<\/p>\n<p>&nbsp;<\/p>\n<p><img loading=\"lazy\" decoding=\"async\" class=\"alignleft wp-image-370 size-full\" src=\"https:\/\/korcula.ch\/de\/wp-content\/uploads\/2015\/01\/gastgeberinnen-steffi-marina-korcula-karbuni.jpg\" alt=\"gastgeberinnen-steffi-marina-korcula-karbuni\" width=\"1000\" height=\"874\" srcset=\"https:\/\/korcula.ch\/de\/wp-content\/uploads\/2015\/01\/gastgeberinnen-steffi-marina-korcula-karbuni.jpg 1000w, https:\/\/korcula.ch\/de\/wp-content\/uploads\/2015\/01\/gastgeberinnen-steffi-marina-korcula-karbuni-300x262.jpg 300w\" sizes=\"auto, (max-width: 1000px) 100vw, 1000px\" \/><\/p>\n<p>&nbsp;<\/p>\n<p>In die 8 Wohnungen, die wir vermieten, haben wir all unser Herzblut gesteckt. Das sehen und f\u00fchlen Sie, wenn Sie sich f\u00fcr Karbuni entscheiden.<\/p>\n<hr \/>\n<blockquote><p>&#8230;.. Den harmonischen Urlaub, in dem sich jeder von uns so wohlgef\u00fchlt hat, haben wir ganz besonders auch Steffi und Marina zu verdanken!<br \/>\nMit ihrer herzlichen, offenen und unkomplizierten Art, vermitteln sie einem das Gef\u00fchl, willkommen zu sein und als Gast, oder fast schon als Freund wertgesch\u00e4tzt zu werden.<\/p><\/blockquote>\n<p>Irene A.<\/p>\n<ul>\n<li>Bewertung wurde gespeichert: 26.08.2014<\/li>\n<li>Reisezeitraum: Jul 2014<\/li>\n<li>Quelle: Fewo Direkt, Teil der HomeAway Familie<\/li>\n<\/ul>\n<hr \/>\n<p>&nbsp;<\/p>\n<blockquote><p>&#8230;&#8230;. Sch\u00f6ne Wohnung, zum Fr\u00fchst\u00fcck ein herrlicher Blick aufs Meer, glasklares Wasser &#8230;.alles schon gelesen und bewertet&#8230;..aber es stimmt genauso!!!<br \/>\nDas beste aber kommt zum Schluss, ohne Steffi und Marina w\u00e4re dies aber alles nur halb so sch\u00f6n.<br \/>\nVielen Dank f\u00fcr einen wundersch\u00f6nen Urlaub bei Euch! Eure Gastfreundschaft ist etwas ganz besonderes und dies haben wir so noch nirgends erlebt.<br \/>\nAlle wollen wiederkommen&#8230; auch wir, hoffentlich bekommt ihr alle unter :).<\/p>\n<p>Wir haben uns auf gut schw\u00e4bisch &#8222;oifach sauwohl&#8220; gef\u00fchlt.<\/p><\/blockquote>\n<p>Stefan, Kerstin, Hanna, Simon und Sarah<\/p>\n<ul>\n<li>Bewertung wurde gespeichert: 06.09.2014<\/li>\n<li>Reisezeitraum: Aug 2014<\/li>\n<li>Quelle: Fewo Direkt, Teil der HomeAway Familie<\/li>\n<\/ul>\n<p>&nbsp;<\/p>\n","protected":false},"excerpt":{"rendered":"<p>Wir zwei, Steffi und Marina, eine Schweizerisch-Kroatische Kombination, sind ein Garant f\u00fcr unvergesslich gelungene Ferien.\u00a0Wenn Sie hilfsbereite, nette, charmante Gastgeberinnen suchen, dann sind Sie am richtigen Ort&#8230; <a class=\"moretag\" href=\"https:\/\/korcula.ch\/de\/gastgeberinnen\/\">Mehr lesen<\/a><\/p>\n","protected":false},"author":1,"featured_media":0,"parent":0,"menu_order":0,"comment_status":"open","ping_status":"open","template":"","meta":{"footnotes":""},"class_list":["post-52","page","type-page","status-publish","hentry"],"_links":{"self":[{"href":"https:\/\/korcula.ch\/de\/wp-json\/wp\/v2\/pages\/52","targetHints":{"allow":["GET"]}}],"collection":[{"href":"https:\/\/korcula.ch\/de\/wp-json\/wp\/v2\/pages"}],"about":[{"href":"https:\/\/korcula.ch\/de\/wp-json\/wp\/v2\/types\/page"}],"author":[{"embeddable":true,"href":"https:\/\/korcula.ch\/de\/wp-json\/wp\/v2\/users\/1"}],"replies":[{"embeddable":true,"href":"https:\/\/korcula.ch\/de\/wp-json\/wp\/v2\/comments?post=52"}],"version-history":[{"count":7,"href":"https:\/\/korcula.ch\/de\/wp-json\/wp\/v2\/pages\/52\/revisions"}],"predecessor-version":[{"id":514,"href":"https:\/\/korcula.ch\/de\/wp-json\/wp\/v2\/pages\/52\/revisions\/514"}],"wp:attachment":[{"href":"https:\/\/korcula.ch\/de\/wp-json\/wp\/v2\/media?parent=52"}],"curies":[{"name":"wp","href":"https:\/\/api.w.org\/{rel}","templated":true}]}}